{"id":63,"date":"2025-11-02T15:23:47","date_gmt":"2025-11-02T14:23:47","guid":{"rendered":"http:\/\/wp.kraetzer-bau.de\/?page_id=63"},"modified":"2025-11-02T15:23:47","modified_gmt":"2025-11-02T14:23:47","slug":"leistungen","status":"publish","type":"page","link":"http:\/\/wp.kraetzer-bau.de\/?page_id=63","title":{"rendered":"Leistungen"},"content":{"rendered":"\n<p><\/p>\n\n\n\n<h2 class=\"wp-block-heading\">Hochbau<\/h2>\n\n\n\n<p class=\"is-style-default\">Als kompetentes, qualifiziertes und zuverl\u00e4ssiges Bauunternehmen realisieren wir unter der Leitung von den Gesch\u00e4ftsf\u00fchrern Rudi Reichart und Christian Sch\u00fctz Ihr Traumhaus: In enger Absprache mit den Bauherren bauen wir Ihr massives Ein- und Mehrfamilienhaus oder bauen ein altes Haus Ihren W\u00fcnschen entsprechend um. Auch f\u00fcr gewerbliche Kunden bieten wir ein umfangreiches Angebot. Von Industriebauten bis hin zu Lagerhallen \u2013 bei uns sind Sie richtig. Wir k\u00fcmmern uns um den kompletten Bauverlauf und behalten dabei stets die Kosten- und Terminplanung im Blick.<\/p>\n\n\n\n<h2 class=\"wp-block-heading\">Tiefbau<\/h2>\n\n\n\n<p>Auch im Tiefbau k\u00fcmmern wir uns zuverl\u00e4ssig und engagiert um Ihre Projekte. Unser Portfolio ist breit gef\u00e4chert und umfasst unter anderem folgende Bauleistungen: Beton- und Stahlbetonarbeiten, Kanal- und Tiefbauarbeiten, Kl\u00e4ranlagen, Pumpwerke, Trinkwasserbeh\u00e4lter und Kan\u00e4le.<\/p>\n\n\n\n<h2 class=\"wp-block-heading\">Au\u00dfenanlagen<\/h2>\n\n\n\n<p>Die Gestaltung von Au\u00dfenanlagen nach Kundenwunsch geh\u00f6rt ebenfalls zu unseren Leistungen. F\u00fcr kommunale, gewerbliche und private Auftraggeber f\u00fchren wir komplette Umgestaltungen durch \u2013 denn erst eine geschmackvolle Au\u00dfenanlage verleiht Ihrem Geb\u00e4ude einen harmonischen Gesamteindruck.<\/p>\n\n\n\n<h2 class=\"wp-block-heading\">Lagerverkauf<\/h2>\n\n\n\n<p>In unserem Lager in Heideck k\u00f6nnen Sie Sch\u00fcttg\u00fcter wie z.B. Kies in verschiedensten Gr\u00f6\u00dfen und Formen erwerben. Auch andere Baustoffe (Rohre, Zement etc.) k\u00f6nnen Sie vor Ort kaufen.<\/p>\n","protected":false},"excerpt":{"rendered":"<p>Hochbau Als kompetentes, qualifiziertes und zuverl\u00e4ssiges Bauunternehmen realisieren wir unter der Leitung von den Gesch\u00e4ftsf\u00fchrern Rudi Reichart und Christian Sch\u00fctz Ihr Traumhaus: In enger Absprache mit den Bauherren bauen wir Ihr massives Ein- und Mehrfamilienhaus oder bauen ein altes Haus Ihren W\u00fcnschen entsprechend um. Auch f\u00fcr gewerbliche Kunden bieten wir ein umfangreiches Angebot. Von Industriebauten [&hellip;]<\/p>\n","protected":false},"author":1,"featured_media":0,"parent":70,"menu_order":0,"comment_status":"closed","ping_status":"closed","template":"","meta":{"footnotes":""},"class_list":["post-63","page","type-page","status-publish","hentry"],"_links":{"self":[{"href":"http:\/\/wp.kraetzer-bau.de\/index.php?rest_route=\/wp\/v2\/pages\/63","targetHints":{"allow":["GET"]}}],"collection":[{"href":"http:\/\/wp.kraetzer-bau.de\/index.php?rest_route=\/wp\/v2\/pages"}],"about":[{"href":"http:\/\/wp.kraetzer-bau.de\/index.php?rest_route=\/wp\/v2\/types\/page"}],"author":[{"embeddable":true,"href":"http:\/\/wp.kraetzer-bau.de\/index.php?rest_route=\/wp\/v2\/users\/1"}],"replies":[{"embeddable":true,"href":"http:\/\/wp.kraetzer-bau.de\/index.php?rest_route=%2Fwp%2Fv2%2Fcomments&post=63"}],"version-history":[{"count":2,"href":"http:\/\/wp.kraetzer-bau.de\/index.php?rest_route=\/wp\/v2\/pages\/63\/revisions"}],"predecessor-version":[{"id":65,"href":"http:\/\/wp.kraetzer-bau.de\/index.php?rest_route=\/wp\/v2\/pages\/63\/revisions\/65"}],"up":[{"embeddable":true,"href":"http:\/\/wp.kraetzer-bau.de\/index.php?rest_route=\/wp\/v2\/pages\/70"}],"wp:attachment":[{"href":"http:\/\/wp.kraetzer-bau.de\/index.php?rest_route=%2Fwp%2Fv2%2Fmedia&parent=63"}],"curies":[{"name":"wp","href":"https:\/\/api.w.org\/{rel}","templated":true}]}}