{"id":49,"date":"2025-11-02T15:55:42","date_gmt":"2025-11-02T14:55:42","guid":{"rendered":"http:\/\/wp.kraetzer-bau.de\/?page_id=49"},"modified":"2025-11-02T15:55:42","modified_gmt":"2025-11-02T14:55:42","slug":"ueber-uns","status":"publish","type":"page","link":"http:\/\/wp.kraetzer-bau.de\/?page_id=49","title":{"rendered":"\u00dcber uns"},"content":{"rendered":"\n<h2 class=\"wp-block-heading\">Bester Service und h\u00f6chste Qualit\u00e4t<\/h2>\n\n\n\n<p>Seit \u00fcber 80 Jahren wird in unserem Unternehmen besonders gro\u00dfer Wert auf Zuverl\u00e4ssigkeit gelegt. Christian Sch\u00fctz und Rudi Reichart sind seit 1. Januar 2004 f\u00fcr das Bauunternehmen verantwortlich, das 1937 gegr\u00fcndet wurde. Die Gesch\u00e4ftsf\u00fchrer sind bei jedem Bauprojekt, unabh\u00e4ngig von der Gr\u00f6\u00dfe, mit Herzblut dabei und garantieren Service von h\u00f6chster Qualit\u00e4t. Durch die langj\u00e4hrige Erfahrung sind Sie mit Ihrem Projekt bei uns garantiert in guten H\u00e4nden!<\/p>\n\n\n\n<p><\/p>\n\n\n\n<h2 class=\"wp-block-heading\">Ihre Ansprechpartner<\/h2>\n\n\n\n<div class=\"wp-block-columns is-layout-flex wp-container-core-columns-is-layout-28f84493 wp-block-columns-is-layout-flex\">\n<div class=\"wp-block-column is-layout-flow wp-block-column-is-layout-flow\">\n<p><strong>Rudi Reichart<\/strong><\/p>\n\n\n\n<p>Gesch\u00e4ftsf\u00fchrer &amp; Inhaber<\/p>\n\n\n\n<p>Festnetz: <a href=\"tel:+499177495810\">09177 495810<\/a><\/p>\n\n\n\n<p>Mobil: <a href=\"tel:+491717782792\">0171 7782792<\/a><\/p>\n\n\n\n<p><\/p>\n\n\n\n<p><\/p>\n<\/div>\n\n\n\n<div class=\"wp-block-column is-layout-flow wp-block-column-is-layout-flow\">\n<p><strong>Christian Sch\u00fctz<\/strong><\/p>\n\n\n\n<p>Gesch\u00e4ftsf\u00fchrer &amp; Inhaber<\/p>\n\n\n\n<p>Festnetz: <a href=\"tel:+499177495820\">09177 495820<\/a><\/p>\n\n\n\n<p>Mobil: <a href=\"tel:+491718349106\">0171 8349106<\/a><\/p>\n<\/div>\n\n\n\n<div class=\"wp-block-column is-layout-flow wp-block-column-is-layout-flow\">\n<p>Petra Reichart<\/p>\n\n\n\n<p>Kaufm\u00e4nnische Angestellte<\/p>\n\n\n\n<p>Festnetz: <a href=\"tel:+499177495840\">09177 495840<\/a><\/p>\n<\/div>\n<\/div>\n\n\n\n<p><\/p>\n","protected":false},"excerpt":{"rendered":"<p>Bester Service und h\u00f6chste Qualit\u00e4t Seit \u00fcber 80 Jahren wird in unserem Unternehmen besonders gro\u00dfer Wert auf Zuverl\u00e4ssigkeit gelegt. Christian Sch\u00fctz und Rudi Reichart sind seit 1. Januar 2004 f\u00fcr das Bauunternehmen verantwortlich, das 1937 gegr\u00fcndet wurde. Die Gesch\u00e4ftsf\u00fchrer sind bei jedem Bauprojekt, unabh\u00e4ngig von der Gr\u00f6\u00dfe, mit Herzblut dabei und garantieren Service von h\u00f6chster [&hellip;]<\/p>\n","protected":false},"author":1,"featured_media":0,"parent":70,"menu_order":0,"comment_status":"closed","ping_status":"closed","template":"","meta":{"footnotes":""},"class_list":["post-49","page","type-page","status-publish","hentry"],"_links":{"self":[{"href":"http:\/\/wp.kraetzer-bau.de\/index.php?rest_route=\/wp\/v2\/pages\/49","targetHints":{"allow":["GET"]}}],"collection":[{"href":"http:\/\/wp.kraetzer-bau.de\/index.php?rest_route=\/wp\/v2\/pages"}],"about":[{"href":"http:\/\/wp.kraetzer-bau.de\/index.php?rest_route=\/wp\/v2\/types\/page"}],"author":[{"embeddable":true,"href":"http:\/\/wp.kraetzer-bau.de\/index.php?rest_route=\/wp\/v2\/users\/1"}],"replies":[{"embeddable":true,"href":"http:\/\/wp.kraetzer-bau.de\/index.php?rest_route=%2Fwp%2Fv2%2Fcomments&post=49"}],"version-history":[{"count":5,"href":"http:\/\/wp.kraetzer-bau.de\/index.php?rest_route=\/wp\/v2\/pages\/49\/revisions"}],"predecessor-version":[{"id":96,"href":"http:\/\/wp.kraetzer-bau.de\/index.php?rest_route=\/wp\/v2\/pages\/49\/revisions\/96"}],"up":[{"embeddable":true,"href":"http:\/\/wp.kraetzer-bau.de\/index.php?rest_route=\/wp\/v2\/pages\/70"}],"wp:attachment":[{"href":"http:\/\/wp.kraetzer-bau.de\/index.php?rest_route=%2Fwp%2Fv2%2Fmedia&parent=49"}],"curies":[{"name":"wp","href":"https:\/\/api.w.org\/{rel}","templated":true}]}}